{"id":664,"date":"2021-03-11T12:38:01","date_gmt":"2021-03-11T17:38:01","guid":{"rendered":"https:\/\/brenave.com\/?page_id=664"},"modified":"2021-03-11T12:43:33","modified_gmt":"2021-03-11T17:43:33","slug":"solutions-de-restauration-des-sinistres","status":"publish","type":"page","link":"https:\/\/brenave2.mydev.ca\/fr\/solutions-de-restauration-des-sinistres\/","title":{"rendered":"Solutions de restauration commerciale et r\u00e9sidentielle des sinistres caus\u00e9s par le feu et l&#8217;eau | BRENAVE"},"content":{"rendered":"<div class=\"fusion-fullwidth fullwidth-box fusion-builder-row-1 hundred-percent-fullwidth non-hundred-percent-height-scrolling\"  style='background-color: #ffffff;background-position: center center;background-repeat: no-repeat;padding-top:0px;padding-right:0px;padding-bottom:0px;padding-left:0px;border-top-width:0px;border-bottom-width:0px;border-color:#eae9e9;border-top-style:solid;border-bottom-style:solid;'><div class=\"fusion-builder-row fusion-row \"><div  class=\"fusion-layout-column fusion_builder_column fusion_builder_column_1_1 fusion-builder-column-0 fusion-one-full fusion-column-first fusion-column-last fusion-column-no-min-height 1_1\"  style='margin-top:0px;margin-bottom:0px;'><div class=\"fusion-column-wrapper\" style=\"padding: 0px 0px 0px 0px;background-position:left top;background-repeat:no-repeat;-webkit-background-size:cover;-moz-background-size:cover;-o-background-size:cover;background-size:cover;\"   data-bg-url=\"\"><div class=\"fusion-text\"><h1>Nous avons ce dont vous avez besoin.<\/h1>\n<\/div><div class=\"fusion-text\"><p><\/br>Voici une liste des services professionnels chez Brenave que nous offrons depuis 2012\u00a0:<\/p>\n<ol>\n<li dir=\"ltr\">\n<p dir=\"ltr\"><strong>Inondations\u00a0:<\/strong> dommages dus \u00e0 l&#8217;eau qui exigent du travail pour g\u00e9rer l&#8217;odeur, la moisissure et les champignons gr\u00e2ce \u00e0 des strat\u00e9gies de d\u00e9sinfections et de s\u00e9chage.<\/p>\n<\/li>\n<li dir=\"ltr\">\n<p dir=\"ltr\"><strong>Feux\u00a0:<\/strong> dommages dus \u00e0 des feux qui exigent la gestion des dommages structurels, la fum\u00e9e et l&#8217;odeur gr\u00e2ce au nettoyage, la d\u00e9sinfection et la d\u00e9molition.<\/p>\n<\/li>\n<li dir=\"ltr\">\n<p dir=\"ltr\"><strong>Glace\u00a0:<\/strong> dommages dus \u00e0 la glace comprenant des dommages structurels et tous les dommages en lien avec les inondations (d\u00e9gel).<\/p>\n<\/li>\n<li dir=\"ltr\">\n<p dir=\"ltr\"><strong>Nettoyages\u00a0:<\/strong> Tous les types de nettoyage commercial\/r\u00e9sidentiel (apr\u00e8s construction, maintenance, etc).<\/p>\n<\/li>\n<li dir=\"ltr\">\n<p dir=\"ltr\"><strong>Gestion de projet\u00a0:<\/strong><b>Management<\/b> G\u00e9rer la coordination du projet du d\u00e9but \u00e0 la fin, du nettoyage d&#8217;urgence, le d\u00e9placement des possessions, la construction, le nettoyage final et retour des possessions.<\/p>\n<\/li>\n<li dir=\"ltr\">\n<p dir=\"ltr\"><strong>Vol\u00a0:<\/strong> Rem\u00e9dier aux dommages fait par les voleurs, de l&#8217;odeur du poivre de Cayenne aux dommages physiques \u00e0 la propri\u00e9t\u00e9.<\/p>\n<\/li>\n<li dir=\"ltr\">\n<p dir=\"ltr\"><strong>Explosions et fuites de r\u00e9servoir \u00e0 gaz\u00a0:<\/strong> Nettoyer les gaz et faire les d\u00e9molitions n\u00e9cessaires pour restaurer les dommages qui ont eu lieu.<\/p>\n<\/li>\n<li dir=\"ltr\">\n<p dir=\"ltr\"><strong>\u00c9limination des odeurs (animaux)\u00a0:<\/strong> machinerie de contr\u00f4le des odeurs (similaire au feu) et nettoyage avec d\u00e9sinfection.<\/p>\n<\/li>\n<li dir=\"ltr\"><strong> Exigences de r\u00e9clamation d&#8217;assurance\u00a0:<\/strong>\n<ul>\n<li>Emballage<\/li>\n<li>D\u00e9s-emballage<\/li>\n<li>Liste du contenus<\/li>\n<li>\u00c9valuation des contenus<\/li>\n<li>Entreposage<\/li>\n<\/ul>\n<\/li>\n<li><strong>D\u00e9molition\u00a0:<\/strong> en suivant les dommages fait et les plans de l&#8217;\u00e9valuateur<\/li>\n<\/ol>\n<ol start=\"11\">\n<li dir=\"ltr\">\n<p dir=\"ltr\"><strong>Reconstruction\u00a0:<\/strong> restauration \u00e0 l&#8217;\u00e9tat d&#8217;origine (ou am\u00e9liorations pay\u00e9es par le client)<\/p>\n<\/li>\n<li dir=\"ltr\">\n<p dir=\"ltr\"><strong> Att\u00e9nuation des pertes et objets\u00a0:<\/strong>:<\/p>\n<ul>\n<li>Gestion des contenus, comprenant une liste des objets qui peuvent \u00eatre et ne pas \u00eatre restaur\u00e9s, emball\u00e9s pour \u00eatre pr\u00eat \u00e0 d\u00e9m\u00e9nager<\/li>\n<li>Nettoyer\/restaurer les contenus (dans l&#8217;entrep\u00f4t et entrepos\u00e9 jusqu&#8217;\u00e0 ce que la construction soit termin\u00e9e) pr\u00e9parer les listes pour que les assurances paient pour l\u2019enti\u00e8ret\u00e9 des items perdus<\/li>\n<li>Liste et inventaire des biens endommag\u00e9s<\/li>\n<\/ul>\n<\/li>\n<\/ol>\n<\/div><div class=\"fusion-clearfix\"><\/div><\/div><\/div><\/div><\/div>\n","protected":false},"excerpt":{"rendered":"","protected":false},"author":2,"featured_media":0,"parent":0,"menu_order":0,"comment_status":"closed","ping_status":"closed","template":"","meta":[],"yoast_head":"<!-- This site is optimized with the Yoast SEO plugin v15.1.1 - https:\/\/yoast.com\/wordpress\/plugins\/seo\/ -->\n<title>Solutions de restauration commerciale et r\u00e9sidentielle des sinistres caus\u00e9s par le feu et l&#039;eau | BRENAVE<\/title>\n<meta name=\"description\" content=\"BRENAVE depuis 2012 | Solutions compl\u00e8tes de restauration de sinistres \u2013 R\u00e9clamations aux assurances, eau, feu, glace, vol, r\u00e9servoir d&#039;huile, odeur animal, nettoyage, gestion de projet.\" \/>\n<meta name=\"robots\" content=\"index, follow, max-snippet:-1, max-image-preview:large, max-video-preview:-1\" \/>\n<link rel=\"canonical\" href=\"https:\/\/brenave2.mydev.ca\/fr\/solutions-de-restauration-des-sinistres\/\" \/>\n<meta property=\"og:locale\" content=\"fr_FR\" \/>\n<meta property=\"og:type\" content=\"article\" \/>\n<meta property=\"og:title\" content=\"Solutions de restauration commerciale et r\u00e9sidentielle des sinistres caus\u00e9s par le feu et l&#039;eau | BRENAVE\" \/>\n<meta property=\"og:description\" content=\"BRENAVE depuis 2012 | Solutions compl\u00e8tes de restauration de sinistres \u2013 R\u00e9clamations aux assurances, eau, feu, glace, vol, r\u00e9servoir d&#039;huile, odeur animal, nettoyage, gestion de projet.\" \/>\n<meta property=\"og:url\" content=\"https:\/\/brenave2.mydev.ca\/fr\/solutions-de-restauration-des-sinistres\/\" \/>\n<meta property=\"og:site_name\" content=\"BRENAVE\" \/>\n<meta property=\"article:modified_time\" content=\"2021-03-11T17:43:33+00:00\" \/>\n<meta name=\"twitter:card\" content=\"summary_large_image\" \/>\n<script type=\"application\/ld+json\" class=\"yoast-schema-graph\">{\"@context\":\"https:\/\/schema.org\",\"@graph\":[{\"@type\":\"WebSite\",\"@id\":\"https:\/\/brenave2.mydev.ca\/fr\/#website\",\"url\":\"https:\/\/brenave2.mydev.ca\/fr\/\",\"name\":\"BRENAVE\",\"description\":\"SOLUTIONS\",\"potentialAction\":[{\"@type\":\"SearchAction\",\"target\":\"https:\/\/brenave2.mydev.ca\/fr\/?s={search_term_string}\",\"query-input\":\"required name=search_term_string\"}],\"inLanguage\":\"fr-CA\"},{\"@type\":\"WebPage\",\"@id\":\"https:\/\/brenave2.mydev.ca\/fr\/solutions-de-restauration-des-sinistres\/#webpage\",\"url\":\"https:\/\/brenave2.mydev.ca\/fr\/solutions-de-restauration-des-sinistres\/\",\"name\":\"Solutions de restauration commerciale et r\\u00e9sidentielle des sinistres caus\\u00e9s par le feu et l'eau | BRENAVE\",\"isPartOf\":{\"@id\":\"https:\/\/brenave2.mydev.ca\/fr\/#website\"},\"datePublished\":\"2021-03-11T17:38:01+00:00\",\"dateModified\":\"2021-03-11T17:43:33+00:00\",\"description\":\"BRENAVE depuis 2012 | Solutions compl\\u00e8tes de restauration de sinistres \\u2013 R\\u00e9clamations aux assurances, eau, feu, glace, vol, r\\u00e9servoir d'huile, odeur animal, nettoyage, gestion de projet.\",\"inLanguage\":\"fr-CA\",\"potentialAction\":[{\"@type\":\"ReadAction\",\"target\":[\"https:\/\/brenave2.mydev.ca\/fr\/solutions-de-restauration-des-sinistres\/\"]}]}]}<\/script>\n<!-- \/ Yoast SEO plugin. -->","_links":{"self":[{"href":"https:\/\/brenave2.mydev.ca\/fr\/wp-json\/wp\/v2\/pages\/664"}],"collection":[{"href":"https:\/\/brenave2.mydev.ca\/fr\/wp-json\/wp\/v2\/pages"}],"about":[{"href":"https:\/\/brenave2.mydev.ca\/fr\/wp-json\/wp\/v2\/types\/page"}],"author":[{"embeddable":true,"href":"https:\/\/brenave2.mydev.ca\/fr\/wp-json\/wp\/v2\/users\/2"}],"replies":[{"embeddable":true,"href":"https:\/\/brenave2.mydev.ca\/fr\/wp-json\/wp\/v2\/comments?post=664"}],"version-history":[{"count":5,"href":"https:\/\/brenave2.mydev.ca\/fr\/wp-json\/wp\/v2\/pages\/664\/revisions"}],"predecessor-version":[{"id":673,"href":"https:\/\/brenave2.mydev.ca\/fr\/wp-json\/wp\/v2\/pages\/664\/revisions\/673"}],"wp:attachment":[{"href":"https:\/\/brenave2.mydev.ca\/fr\/wp-json\/wp\/v2\/media?parent=664"}],"curies":[{"name":"wp","href":"https:\/\/api.w.org\/{rel}","templated":true}]}}