{"id":646,"date":"2021-03-11T11:44:33","date_gmt":"2021-03-11T16:44:33","guid":{"rendered":"https:\/\/brenave.com\/?page_id=646"},"modified":"2021-03-11T12:16:21","modified_gmt":"2021-03-11T17:16:21","slug":"accueil","status":"publish","type":"page","link":"https:\/\/brenave2.mydev.ca\/fr\/","title":{"rendered":"Restauration des sinistres eau et feu | Commercial et r\u00e9sidentiel | BRENAVE"},"content":{"rendered":"<div class=\"fusion-fullwidth fullwidth-box fusion-builder-row-1 hundred-percent-fullwidth non-hundred-percent-height-scrolling\"  style='background-color: #ffffff;background-position: center center;background-repeat: no-repeat;padding-top:0px;padding-right:0px;padding-bottom:0px;padding-left:0px;border-top-width:0px;border-bottom-width:0px;border-color:#eae9e9;border-top-style:solid;border-bottom-style:solid;'><div class=\"fusion-builder-row fusion-row \"><div  class=\"fusion-layout-column fusion_builder_column fusion_builder_column_1_4 fusion-builder-column-0 fusion-one-fourth fusion-column-first 1_4\"  style='margin-top:0px;margin-bottom:20px;width:22%; margin-right: 4%;'><div class=\"fusion-column-wrapper\" style=\"padding: 0px 0px 0px 0px;background-position:left top;background-repeat:no-repeat;-webkit-background-size:cover;-moz-background-size:cover;-o-background-size:cover;background-size:cover;\"   data-bg-url=\"\"><div class=\"imageframe-align-center\"><span class=\"fusion-imageframe imageframe-none imageframe-1 hover-type-none\"><a href=\"https:\/\/brenave2.mydev.ca\/wp-content\/uploads\/urgence-sinistres.png\" class=\"fusion-lightbox\" data-rel=\"iLightbox[49e0c8fae696047dcd4]\" data-title=\"urgence-sinistres\" title=\"urgence-sinistres\"><img src=\"https:\/\/brenave2.mydev.ca\/wp-content\/uploads\/urgence-sinistres.png\" width=\"300\" height=\"142\" alt=\"urgence 24 sur 24\" class=\"img-responsive wp-image-657\" srcset=\"https:\/\/brenave2.mydev.ca\/wp-content\/uploads\/urgence-sinistres-200x95.png 200w, https:\/\/brenave2.mydev.ca\/wp-content\/uploads\/urgence-sinistres.png 300w\" sizes=\"(max-width: 800px) 100vw, 300px\" \/><\/a><\/span><\/div><div class=\"fusion-sep-clear\"><\/div><div class=\"fusion-separator fusion-full-width-sep sep-none\" style=\"margin-left: auto;margin-right: auto;margin-top:18px;\"><\/div><div class=\"fusion-text\"><h2 style=\"text-align: center;\">Service D&#8217;urgence<br \/>\nAppelez au<br \/>\n1-514-562-7226<br \/>\nNous r\u00e9pondons \u00e0 vos appels \u00e0 l&#8217;int\u00e9rieur de 60-90 minutes<\/h2>\n<h2 style=\"text-align: center;\">24h sur 24<br \/>\n7 jours par semaine<br \/>\n365 jours par ann\u00e9e<\/h2>\n<\/div><div class=\"fusion-clearfix\"><\/div><\/div><\/div><div  class=\"fusion-layout-column fusion_builder_column fusion_builder_column_1_4 fusion-builder-column-1 fusion-one-fourth 1_4\"  style='margin-top:0px;margin-bottom:20px;width:22%; margin-right: 4%;'><div class=\"fusion-column-wrapper\" style=\"padding: 0px 0px 0px 0px;background-position:left top;background-repeat:no-repeat;-webkit-background-size:cover;-moz-background-size:cover;-o-background-size:cover;background-size:cover;\"   data-bg-url=\"\"><div class=\"imageframe-align-center\"><span class=\"fusion-imageframe imageframe-none imageframe-2 hover-type-none\"><a href=\"https:\/\/brenave2.mydev.ca\/wp-content\/uploads\/water-livingroom-e1611261504285.jpg\" class=\"fusion-lightbox\" data-rel=\"iLightbox[a5415ecf15335714c9e]\" data-title=\"water-livingroom\" title=\"water-livingroom\"><img src=\"https:\/\/brenave2.mydev.ca\/wp-content\/uploads\/water-livingroom-e1611261504285.jpg\" width=\"272\" height=\"134\" alt=\"\" class=\"img-responsive wp-image-557\" srcset=\"https:\/\/brenave2.mydev.ca\/wp-content\/uploads\/water-livingroom-e1611261504285-200x99.jpg 200w, https:\/\/brenave2.mydev.ca\/wp-content\/uploads\/water-livingroom-e1611261504285.jpg 272w\" sizes=\"(max-width: 800px) 100vw, 272px\" \/><\/a><\/span><\/div><div class=\"fusion-sep-clear\"><\/div><div class=\"fusion-separator fusion-full-width-sep sep-none\" style=\"margin-left: auto;margin-right: auto;margin-top:18px;\"><\/div><div class=\"fusion-text\"><h2>Nettoyage et restauration des dommages r\u00e9sidentiels caus\u00e9s par le feu et l&#8217;eau<\/h2>\n<p>La situation de chacun est diff\u00e9rente, nous nous adaptons \u00e0 toutes les situations, avec des services rapides, fiables et flexibles pr\u00eat en tout temps pour vous.<\/p>\n<\/div><div class=\"fusion-clearfix\"><\/div><\/div><\/div><div  class=\"fusion-layout-column fusion_builder_column fusion_builder_column_1_4 fusion-builder-column-2 fusion-one-fourth 1_4\"  style='margin-top:0px;margin-bottom:20px;width:22%; margin-right: 4%;'><div class=\"fusion-column-wrapper\" style=\"padding: 0px 0px 0px 0px;background-position:left top;background-repeat:no-repeat;-webkit-background-size:cover;-moz-background-size:cover;-o-background-size:cover;background-size:cover;\"   data-bg-url=\"\"><div class=\"imageframe-align-center\"><span class=\"fusion-imageframe imageframe-none imageframe-3 hover-type-none\"><a href=\"https:\/\/brenave2.mydev.ca\/wp-content\/uploads\/commerical-drying-300x150.jpg\" class=\"fusion-lightbox\" data-rel=\"iLightbox[0121dc87dbed9bd2578]\" data-title=\"commerical-drying\" title=\"commerical-drying\"><img src=\"https:\/\/brenave2.mydev.ca\/wp-content\/uploads\/commerical-drying-300x150.jpg\" width=\"300\" height=\"150\" alt=\"\" class=\"img-responsive wp-image-553\"\/><\/a><\/span><\/div><div class=\"fusion-sep-clear\"><\/div><div class=\"fusion-separator fusion-full-width-sep sep-none\" style=\"margin-left: auto;margin-right: auto;margin-top:18px;\"><\/div><div class=\"fusion-text\"><h2>Restauration commerciale des dommages caus\u00e9s par le feu et l&#8217;eau<\/h2>\n<p>Soyez rassur\u00e9s, nos \u00e9quipes exp\u00e9riment\u00e9es et comp\u00e9tentes sont pr\u00eates \u00e0 r\u00e9pondre aux demandes d&#8217;une op\u00e9ration de nettoyage \u00e0 grande \u00e9chelle.<\/p>\n<\/div><div class=\"fusion-clearfix\"><\/div><\/div><\/div><div  class=\"fusion-layout-column fusion_builder_column fusion_builder_column_1_4 fusion-builder-column-3 fusion-one-fourth fusion-column-last 1_4\"  style='margin-top:0px;margin-bottom:20px;width:22%'><div class=\"fusion-column-wrapper\" style=\"padding: 0px 0px 0px 0px;background-position:left top;background-repeat:no-repeat;-webkit-background-size:cover;-moz-background-size:cover;-o-background-size:cover;background-size:cover;\"   data-bg-url=\"\"><div class=\"imageframe-align-center\"><span class=\"fusion-imageframe imageframe-none imageframe-4 hover-type-none\"><a href=\"https:\/\/brenave2.mydev.ca\/wp-content\/uploads\/formulaire-assurance.png\" class=\"fusion-lightbox\" data-rel=\"iLightbox[f9744ae84201c61c804]\"><img src=\"https:\/\/brenave2.mydev.ca\/wp-content\/uploads\/formulaire-assurance.png\" width=\"300\" height=\"149\" alt=\"\" class=\"img-responsive wp-image-659\" srcset=\"https:\/\/brenave2.mydev.ca\/wp-content\/uploads\/formulaire-assurance-200x99.png 200w, https:\/\/brenave2.mydev.ca\/wp-content\/uploads\/formulaire-assurance.png 300w\" sizes=\"(max-width: 800px) 100vw, 300px\" \/><\/a><\/span><\/div><div class=\"fusion-sep-clear\"><\/div><div class=\"fusion-separator fusion-full-width-sep sep-none\" style=\"margin-left: auto;margin-right: auto;margin-top:18px;\"><\/div><div class=\"fusion-text\"><h2>Exigences de r\u00e9clamation aux assurances<\/h2>\n<p>Nous avons ce dont vous avez besoin\u00a0:<\/p>\n<ul>\n<li>Emballage<\/li>\n<li>D\u00e9s-emballage<\/li>\n<li>Liste des contenus<\/li>\n<li>\u00c9valuation des contenus<\/li>\n<li>Entreposage<\/li>\n<\/ul>\n<\/div><div class=\"fusion-clearfix\"><\/div><\/div><\/div><div  class=\"fusion-layout-column fusion_builder_column fusion_builder_column_1_4 fusion-builder-column-4 fusion-one-fourth fusion-column-first fusion-column-no-min-height 1_4\"  style='margin-top:0px;margin-bottom:0px;width:22%; margin-right: 4%;'><div class=\"fusion-column-wrapper\" style=\"padding: 0px 0px 0px 0px;background-position:left top;background-repeat:no-repeat;-webkit-background-size:cover;-moz-background-size:cover;-o-background-size:cover;background-size:cover;\"   data-bg-url=\"\"><div class=\"fusion-text\"><h2>Au service du Grand Montr\u00e9al depuis 2012<\/h2>\n<ul>\n<li>Montr\u00e9al<\/li>\n<li>Ouest-de-l&#8217;\u00cele<\/li>\n<li>Lanaudi\u00e8re<\/li>\n<li>Laurentians<\/li>\n<li>Laval<\/li>\n<li>La C\u00f4te-Nord<\/li>\n<li>La Rive Sud<\/li>\n<li>Vaudreuil \/ Dorion<\/li>\n<\/ul>\n<\/div><div class=\"fusion-clearfix\"><\/div><\/div><\/div><div  class=\"fusion-layout-column fusion_builder_column fusion_builder_column_3_4 fusion-builder-column-5 fusion-three-fourth fusion-column-last fusion-column-no-min-height 3_4\"  style='margin-top:0px;margin-bottom:0px;width:74%'><div class=\"fusion-column-wrapper\" style=\"padding: 0px 0px 0px 0px;background-position:left top;background-repeat:no-repeat;-webkit-background-size:cover;-moz-background-size:cover;-o-background-size:cover;background-size:cover;\"   data-bg-url=\"\"><div class=\"fusion-testimonials classic fusion-testimonials-1\" data-random=\"0\" data-speed=\"4000\"><style type=\"text\/css\">#fusion-testimonials-1 a{border-color:#404484;}#fusion-testimonials-1 a:hover, #fusion-testimonials-1 .activeSlide{background-color: #404484;}.fusion-testimonials.classic.fusion-testimonials-1 .author:after{border-top-color:#f6f3f3 !important;}<\/style><div class=\"reviews\"><div class=\"review male\"><blockquote><q style=\"background-color:#f6f3f3;color:#404484;\" class=\"fusion-clearfix\">\n<p>During the very difficult and stressful circumstances following my late father&#8217;s death, Mike and his team took charge in arranging my father&#8217;s condo, helping us to dispose of items for charity, packing and transporting furniture and valuable\/fragile items long distance, followed up by a complete cleaning of the whole condo so that it was properly prepared for sale. From beginning to end, Mike and his team were honest and transparent, polite and compassionate, on-time, efficient, and extremely competent. I would definitely turn to them again for help for my cleaning, packing and moving needs. I recommend them in the highest terms.<\/p>\n<p>Please give my best to Mike!<\/p>\n<p>Peter B.<\/p>\n<\/q><\/blockquote><div class=\"author\" style=\"color:#404484;\"><span class=\"testimonial-thumbnail doe\" style=\"color:#404484;\"><\/span><span class=\"company-name\"><strong>Peter B.<\/strong><\/span><\/div><\/div><\/div><\/div><div class=\"fusion-clearfix\"><\/div><\/div><\/div><\/div><\/div>\n","protected":false},"excerpt":{"rendered":"","protected":false},"author":2,"featured_media":0,"parent":0,"menu_order":0,"comment_status":"closed","ping_status":"closed","template":"","meta":[],"yoast_head":"<!-- This site is optimized with the Yoast SEO plugin v15.1.1 - https:\/\/yoast.com\/wordpress\/plugins\/seo\/ -->\n<title>Restauration des sinistres eau et feu | Commercial et r\u00e9sidentiel | BRENAVE<\/title>\n<meta name=\"description\" content=\"R\u00e9ponse en 60-90 minutes | R\u00e9paration, s\u00e9chage, nettoyage des sinistres fait par le feu et l&#039;eau | T\u00e2che de toutes les tailles m\u00eame sous vos franchises d&#039;assurances\" \/>\n<meta name=\"robots\" content=\"index, follow, max-snippet:-1, max-image-preview:large, max-video-preview:-1\" \/>\n<link rel=\"canonical\" href=\"https:\/\/brenave2.mydev.ca\/fr\/\" \/>\n<meta property=\"og:locale\" content=\"fr_FR\" \/>\n<meta property=\"og:type\" content=\"article\" \/>\n<meta property=\"og:title\" content=\"Restauration des sinistres eau et feu | Commercial et r\u00e9sidentiel | BRENAVE\" \/>\n<meta property=\"og:description\" content=\"R\u00e9ponse en 60-90 minutes | R\u00e9paration, s\u00e9chage, nettoyage des sinistres fait par le feu et l&#039;eau | T\u00e2che de toutes les tailles m\u00eame sous vos franchises d&#039;assurances\" \/>\n<meta property=\"og:url\" content=\"https:\/\/brenave2.mydev.ca\/fr\/\" \/>\n<meta property=\"og:site_name\" content=\"BRENAVE\" \/>\n<meta property=\"article:modified_time\" content=\"2021-03-11T17:16:21+00:00\" \/>\n<meta property=\"og:image\" content=\"https:\/\/brenave2.mydev.ca\/wp-content\/uploads\/commerical-drying-300x150.jpg\" \/>\n<meta name=\"twitter:card\" content=\"summary_large_image\" \/>\n<script type=\"application\/ld+json\" class=\"yoast-schema-graph\">{\"@context\":\"https:\/\/schema.org\",\"@graph\":[{\"@type\":\"WebSite\",\"@id\":\"https:\/\/brenave2.mydev.ca\/fr\/#website\",\"url\":\"https:\/\/brenave2.mydev.ca\/fr\/\",\"name\":\"BRENAVE\",\"description\":\"SOLUTIONS\",\"potentialAction\":[{\"@type\":\"SearchAction\",\"target\":\"https:\/\/brenave2.mydev.ca\/fr\/?s={search_term_string}\",\"query-input\":\"required name=search_term_string\"}],\"inLanguage\":\"fr-CA\"},{\"@type\":\"ImageObject\",\"@id\":\"https:\/\/brenave2.mydev.ca\/fr\/#primaryimage\",\"inLanguage\":\"fr-CA\",\"url\":\"https:\/\/brenave2.mydev.ca\/wp-content\/uploads\/commerical-drying.jpg\",\"width\":318,\"height\":159},{\"@type\":\"WebPage\",\"@id\":\"https:\/\/brenave2.mydev.ca\/fr\/#webpage\",\"url\":\"https:\/\/brenave2.mydev.ca\/fr\/\",\"name\":\"Restauration des sinistres eau et feu | Commercial et r\\u00e9sidentiel | BRENAVE\",\"isPartOf\":{\"@id\":\"https:\/\/brenave2.mydev.ca\/fr\/#website\"},\"primaryImageOfPage\":{\"@id\":\"https:\/\/brenave2.mydev.ca\/fr\/#primaryimage\"},\"datePublished\":\"2021-03-11T16:44:33+00:00\",\"dateModified\":\"2021-03-11T17:16:21+00:00\",\"description\":\"R\\u00e9ponse en 60-90 minutes | R\\u00e9paration, s\\u00e9chage, nettoyage des sinistres fait par le feu et l'eau | T\\u00e2che de toutes les tailles m\\u00eame sous vos franchises d'assurances\",\"inLanguage\":\"fr-CA\",\"potentialAction\":[{\"@type\":\"ReadAction\",\"target\":[\"https:\/\/brenave2.mydev.ca\/fr\/\"]}]}]}<\/script>\n<!-- \/ Yoast SEO plugin. -->","_links":{"self":[{"href":"https:\/\/brenave2.mydev.ca\/fr\/wp-json\/wp\/v2\/pages\/646"}],"collection":[{"href":"https:\/\/brenave2.mydev.ca\/fr\/wp-json\/wp\/v2\/pages"}],"about":[{"href":"https:\/\/brenave2.mydev.ca\/fr\/wp-json\/wp\/v2\/types\/page"}],"author":[{"embeddable":true,"href":"https:\/\/brenave2.mydev.ca\/fr\/wp-json\/wp\/v2\/users\/2"}],"replies":[{"embeddable":true,"href":"https:\/\/brenave2.mydev.ca\/fr\/wp-json\/wp\/v2\/comments?post=646"}],"version-history":[{"count":8,"href":"https:\/\/brenave2.mydev.ca\/fr\/wp-json\/wp\/v2\/pages\/646\/revisions"}],"predecessor-version":[{"id":661,"href":"https:\/\/brenave2.mydev.ca\/fr\/wp-json\/wp\/v2\/pages\/646\/revisions\/661"}],"wp:attachment":[{"href":"https:\/\/brenave2.mydev.ca\/fr\/wp-json\/wp\/v2\/media?parent=646"}],"curies":[{"name":"wp","href":"https:\/\/api.w.org\/{rel}","templated":true}]}}