{"id":540,"date":"2021-03-10T12:49:41","date_gmt":"2021-03-10T17:49:41","guid":{"rendered":"https:\/\/brenave.com\/?page_id=540"},"modified":"2021-03-11T12:57:33","modified_gmt":"2021-03-11T17:57:33","slug":"a-propos","status":"publish","type":"page","link":"https:\/\/brenave2.mydev.ca\/fr\/a-propos\/","title":{"rendered":"\u00c0 propos de BRENAVE INC depuis 2012 | Message de notre fondateur"},"content":{"rendered":"<div class=\"fusion-fullwidth fullwidth-box fusion-builder-row-1 hundred-percent-fullwidth non-hundred-percent-height-scrolling\"  style='background-color: #ffffff;background-position: center center;background-repeat: no-repeat;padding-top:0px;padding-right:0px;padding-bottom:0px;padding-left:0px;border-top-width:0px;border-bottom-width:0px;border-color:#eae9e9;border-top-style:solid;border-bottom-style:solid;'><div class=\"fusion-builder-row fusion-row \"><div  class=\"fusion-layout-column fusion_builder_column fusion_builder_column_1_6 fusion-builder-column-0 fusion-one-sixth fusion-column-first 1_6\"  style='margin-top:0px;margin-bottom:20px;width:16.66%;width:calc(16.66% - ( ( 4% ) * 0.1666 ) );margin-right: 4%;'><div class=\"fusion-column-wrapper\" style=\"padding: 0px 0px 0px 0px;background-position:left top;background-repeat:no-repeat;-webkit-background-size:cover;-moz-background-size:cover;-o-background-size:cover;background-size:cover;\"   data-bg-url=\"\"><div class=\"fusion-clearfix\"><\/div><\/div><\/div><div  class=\"fusion-layout-column fusion_builder_column fusion_builder_column_2_3 fusion-builder-column-1 fusion-two-third fusion-column-last 2_3\"  style='margin-top:0px;margin-bottom:20px;width:66.66%;width:calc(66.66% - ( ( 4% ) * 0.6666 ) );'><div class=\"fusion-column-wrapper\" style=\"padding: 10px 50px 50px 50px;background-position:left top;background-repeat:no-repeat;-webkit-background-size:cover;-moz-background-size:cover;-o-background-size:cover;background-size:cover;\"   data-bg-url=\"\"><style type=\"text\/css\">@media only screen and (max-width:800px) {.fusion-title.fusion-title-1{margin-top:10px!important;margin-bottom:10px!important;}}<\/style><div class=\"fusion-title title fusion-title-1 fusion-title-text fusion-title-size-two\" style=\"margin-top:10px;margin-bottom:15px;\"><h2 class=\"title-heading-left\" style=\"margin:0;\"><h1>Bienvenue chez Brenave<\/h1><\/h2><div class=\"title-sep-container\"><div class=\"title-sep sep-single sep-solid\" style=\"border-color:#e0dede;\"><\/div><\/div><\/div><div class=\"fusion-text\"><p>Cher clients,<\/p>\n<p>Mon nom est Mike D&#8217;Ambrosio, je suis le fondateur de Brenave et j&#8217;aimerais vous remercier personnellement d&#8217;avoir visit\u00e9 notre site internet.<\/p>\n<p>Lorsque j&#8217;ai commenc\u00e9 Brenave en 2012, je voulais pouvoir offrir un service qui surpasserait les attentes de tous, ainsi que m&#8217;\u00e9tablir une r\u00e9putation dans le milieu.<\/p>\n<p>Le nom Brenave a une signification particuli\u00e8re pour moi car il est inspir\u00e9 des noms de mes 2 filles. Brenave est une entreprise familiale, donc lorsque vous faites affaires avec nous, vous faites partie de notre famille. Initialement, lorsque j&#8217;ai commenc\u00e9 cette entreprise, je travaillais seul et apr\u00e8s avoir travaill\u00e9 fort et avoir fait cro\u00eetre constamment l&#8217;entreprise, j&#8217;ai maintenant une \u00e9quipe de 12 employ\u00e9s qui sont ici pour vous aider avec toutes vos urgences ou crises.<\/p>\n<p>Brenave peut travailler sur les maisons, appartements, condominiums et maisons de ville en plus des \u00e9difices commerciaux et industriels, grands ou petits. Nous avons travaill\u00e9 dans les plus petites maisons et les plus hauts grattes-ciels, donc aucun projet n&#8217;est trop grand ou trop petit pour nous.<\/p>\n<p>Mon \u00e9quipe et famille d&#8217;exp\u00e9rience et hautement qualifi\u00e9e vous invite \u00e0 nous contacter \u00e0 n&#8217;importe quel moment si une urgence \u00e0 lieu et pour mieux vous servir, nous sommes ouvert 24 heures par jour, 7 jours sur 7 et 365 jours par ann\u00e9e. Nous servons la zone du Grand Montr\u00e9al, des\u00a0Laurentides au Cantons de l&#8217;Est et de St-Lazare \u00e0 Berthierville.<\/p>\n<p>Nous vous aidons, que ce soit quelque chose de petit qui ne demande pas de r\u00e9clamation d&#8217;assurance ou un \u00e9v\u00e9nement majeur qui inclut votre fournisseur d&#8217;assurance habitation.<\/p>\n<p>Si vous avez des inqui\u00e9tudes qu&#8217;il pourrait y avoir un probl\u00e8me potentiel avec votre maison ou votre entreprise, nous offrons des inspections pr\u00e9ventives pour vous donner la paix d&#8217;esprit.<\/p>\n<p>Sinc\u00e8rement,<br \/>\nMike D&#8217;Ambrosio<\/p>\n<\/div><div class=\"fusion-clearfix\"><\/div><\/div><\/div><\/div><\/div>\n","protected":false},"excerpt":{"rendered":"","protected":false},"author":2,"featured_media":0,"parent":0,"menu_order":0,"comment_status":"closed","ping_status":"closed","template":"","meta":[],"yoast_head":"<!-- This site is optimized with the Yoast SEO plugin v15.1.1 - https:\/\/yoast.com\/wordpress\/plugins\/seo\/ -->\n<title>\u00c0 propos de BRENAVE INC depuis 2012 | Message de notre fondateur<\/title>\n<meta name=\"description\" content=\"BRENAVE INC fournit des solutions apr\u00e8s-sinistre depuis 2012 maison, appartements, condominiums, maison de ville et \u00e9difices commerciaux et industriels.\" \/>\n<meta name=\"robots\" content=\"index, follow, max-snippet:-1, max-image-preview:large, max-video-preview:-1\" \/>\n<link rel=\"canonical\" href=\"https:\/\/brenave2.mydev.ca\/fr\/a-propos\/\" \/>\n<meta property=\"og:locale\" content=\"fr_FR\" \/>\n<meta property=\"og:type\" content=\"article\" \/>\n<meta property=\"og:title\" content=\"\u00c0 propos de BRENAVE INC depuis 2012 | Message de notre fondateur\" \/>\n<meta property=\"og:description\" content=\"BRENAVE INC fournit des solutions apr\u00e8s-sinistre depuis 2012 maison, appartements, condominiums, maison de ville et \u00e9difices commerciaux et industriels.\" \/>\n<meta property=\"og:url\" content=\"https:\/\/brenave2.mydev.ca\/fr\/a-propos\/\" \/>\n<meta property=\"og:site_name\" content=\"BRENAVE\" \/>\n<meta property=\"article:modified_time\" content=\"2021-03-11T17:57:33+00:00\" \/>\n<meta name=\"twitter:card\" content=\"summary_large_image\" \/>\n<script type=\"application\/ld+json\" class=\"yoast-schema-graph\">{\"@context\":\"https:\/\/schema.org\",\"@graph\":[{\"@type\":\"WebSite\",\"@id\":\"https:\/\/brenave2.mydev.ca\/fr\/#website\",\"url\":\"https:\/\/brenave2.mydev.ca\/fr\/\",\"name\":\"BRENAVE\",\"description\":\"SOLUTIONS\",\"potentialAction\":[{\"@type\":\"SearchAction\",\"target\":\"https:\/\/brenave2.mydev.ca\/fr\/?s={search_term_string}\",\"query-input\":\"required name=search_term_string\"}],\"inLanguage\":\"fr-CA\"},{\"@type\":[\"WebPage\",\"AboutPage\"],\"@id\":\"https:\/\/brenave2.mydev.ca\/fr\/a-propos\/#webpage\",\"url\":\"https:\/\/brenave2.mydev.ca\/fr\/a-propos\/\",\"name\":\"\\u00c0 propos de BRENAVE INC depuis 2012 | Message de notre fondateur\",\"isPartOf\":{\"@id\":\"https:\/\/brenave2.mydev.ca\/fr\/#website\"},\"datePublished\":\"2021-03-10T17:49:41+00:00\",\"dateModified\":\"2021-03-11T17:57:33+00:00\",\"description\":\"BRENAVE INC fournit des solutions apr\\u00e8s-sinistre depuis 2012 maison, appartements, condominiums, maison de ville et \\u00e9difices commerciaux et industriels.\",\"inLanguage\":\"fr-CA\",\"potentialAction\":[{\"@type\":\"ReadAction\",\"target\":[\"https:\/\/brenave2.mydev.ca\/fr\/a-propos\/\"]}]}]}<\/script>\n<!-- \/ Yoast SEO plugin. -->","_links":{"self":[{"href":"https:\/\/brenave2.mydev.ca\/fr\/wp-json\/wp\/v2\/pages\/540"}],"collection":[{"href":"https:\/\/brenave2.mydev.ca\/fr\/wp-json\/wp\/v2\/pages"}],"about":[{"href":"https:\/\/brenave2.mydev.ca\/fr\/wp-json\/wp\/v2\/types\/page"}],"author":[{"embeddable":true,"href":"https:\/\/brenave2.mydev.ca\/fr\/wp-json\/wp\/v2\/users\/2"}],"replies":[{"embeddable":true,"href":"https:\/\/brenave2.mydev.ca\/fr\/wp-json\/wp\/v2\/comments?post=540"}],"version-history":[{"count":5,"href":"https:\/\/brenave2.mydev.ca\/fr\/wp-json\/wp\/v2\/pages\/540\/revisions"}],"predecessor-version":[{"id":681,"href":"https:\/\/brenave2.mydev.ca\/fr\/wp-json\/wp\/v2\/pages\/540\/revisions\/681"}],"wp:attachment":[{"href":"https:\/\/brenave2.mydev.ca\/fr\/wp-json\/wp\/v2\/media?parent=540"}],"curies":[{"name":"wp","href":"https:\/\/api.w.org\/{rel}","templated":true}]}}