{"id":154,"date":"2017-01-17T10:25:59","date_gmt":"2017-01-17T15:25:59","guid":{"rendered":"https:\/\/brenave.com\/?page_id=154\/"},"modified":"2021-03-11T12:49:59","modified_gmt":"2021-03-11T17:49:59","slug":"contactez-nous","status":"publish","type":"page","link":"https:\/\/brenave2.mydev.ca\/fr\/contactez-nous\/","title":{"rendered":"Contact"},"content":{"rendered":"<div class=\"fusion-fullwidth fullwidth-box fusion-builder-row-1 hundred-percent-fullwidth non-hundred-percent-height-scrolling\"  style='background-color: #ffffff;background-position: center center;background-repeat: no-repeat;padding-top:0px;padding-right:0px;padding-bottom:0px;padding-left:0px;border-top-width:0px;border-bottom-width:0px;border-color:#eae9e9;border-top-style:solid;border-bottom-style:solid;'><div class=\"fusion-builder-row fusion-row \"><div  class=\"fusion-layout-column fusion_builder_column fusion_builder_column_1_3 fusion-builder-column-0 fusion-one-third fusion-column-first 1_3\"  style='margin-top:0px;margin-bottom:20px;width:30.6666%; margin-right: 4%;'><div class=\"fusion-column-wrapper\" style=\"padding: 0px 0px 0px 0px;background-position:left top;background-repeat:no-repeat;-webkit-background-size:cover;-moz-background-size:cover;-o-background-size:cover;background-size:cover;\"   data-bg-url=\"\"><style type=\"text\/css\">@media only screen and (max-width:800px) {.fusion-title.fusion-title-1{margin-top:10px!important;margin-bottom:10px!important;}}<\/style><div class=\"fusion-title title fusion-title-1 fusion-title-text fusion-title-size-two\" style=\"margin-top:10px;margin-bottom:15px;\"><h2 class=\"title-heading-left\" style=\"margin:0;\">Notre emplacement<\/h2><div class=\"title-sep-container\"><div class=\"title-sep sep-single sep-solid\" style=\"border-color:#e0dede;\"><\/div><\/div><\/div><div class=\"fusion-text\"><p><span id=\"result_box\" class=\"short_text\" lang=\"fr\"><span class=\"\">Brenave dessert la grande r\u00e9gion de Montr\u00e9al<\/span><\/span><\/p>\n<div class=\"page\" title=\"Page 1\">\n<div class=\"layoutArea\">\n<div class=\"column\">\n<p>Les services re\u0301sidentiels brenave inc.<br \/>\n100 Boul Hymus, Suite G<br \/>\nPointe-Claire, Quebec H9R1E4<br \/>\nTel 1-514-562-7226<\/p>\n<\/div>\n<\/div>\n<\/div>\n<\/div><iframe style=\"border: 0;\" src=\"https:\/\/www.google.com\/maps\/embed?pb=!1m18!1m12!1m3!1d11192.10398147585!2d-73.80407816777067!3d45.469280254779534!2m3!1f0!2f0!3f0!3m2!1i1024!2i768!4f13.1!3m3!1m2!1s0x4cc93c5903b20faf%3A0xa6ed012e3b5a7927!2s100+Boul+Hymus%2C+Pointe-Claire%2C+QC+H9R+1E4!5e0!3m2!1sen!2sca!4v1479746235613\" width=\"300\" height=\"225\" frameborder=\"0\" allowfullscreen=\"allowfullscreen\"><\/iframe><div class=\"fusion-clearfix\"><\/div><\/div><\/div><div  class=\"fusion-layout-column fusion_builder_column fusion_builder_column_2_3 fusion-builder-column-1 fusion-two-third fusion-column-last 2_3\"  style='margin-top:0px;margin-bottom:20px;width:65.3333%'><div class=\"fusion-column-wrapper\" style=\"padding: 0px 0px 0px 0px;background-position:left top;background-repeat:no-repeat;-webkit-background-size:cover;-moz-background-size:cover;-o-background-size:cover;background-size:cover;\"   data-bg-url=\"\"><style type=\"text\/css\">@media only screen and (max-width:800px) {.fusion-title.fusion-title-2{margin-top:10px!important;margin-bottom:10px!important;}}<\/style><div class=\"fusion-title title fusion-title-2 fusion-title-text fusion-title-size-two\" style=\"margin-top:10px;margin-bottom:15px;\"><h2 class=\"title-heading-left\" style=\"margin:0;\">Contactez-nous<\/h2><div class=\"title-sep-container\"><div class=\"title-sep sep-single sep-solid\" style=\"border-color:#e0dede;\"><\/div><\/div><\/div><div role=\"form\" class=\"wpcf7\" id=\"wpcf7-f161-o1\" lang=\"en-CA\" dir=\"ltr\">\n<div class=\"screen-reader-response\"><p role=\"status\" aria-live=\"polite\" aria-atomic=\"true\"><\/p> <ul><\/ul><\/div>\n<form action=\"\/fr\/wp-json\/wp\/v2\/pages\/154#wpcf7-f161-o1\" method=\"post\" class=\"wpcf7-form init\" novalidate=\"novalidate\" data-status=\"init\">\n<div style=\"display: none;\">\n<input type=\"hidden\" name=\"_wpcf7\" value=\"161\" \/>\n<input type=\"hidden\" name=\"_wpcf7_version\" value=\"5.3.2\" \/>\n<input type=\"hidden\" name=\"_wpcf7_locale\" value=\"en_CA\" \/>\n<input type=\"hidden\" name=\"_wpcf7_unit_tag\" value=\"wpcf7-f161-o1\" \/>\n<input type=\"hidden\" name=\"_wpcf7_container_post\" value=\"0\" \/>\n<input type=\"hidden\" name=\"_wpcf7_posted_data_hash\" value=\"\" \/>\n<input type=\"hidden\" name=\"_wpcf7_recaptcha_response\" value=\"\" \/>\n<\/div>\n<p><label> Votre Nom (required)<br \/>\n    <span class=\"wpcf7-form-control-wrap your-name\"><input type=\"text\" name=\"your-name\" value=\"\" size=\"40\" class=\"wpcf7-form-control wpcf7-text wpcf7-validates-as-required\" aria-required=\"true\" aria-invalid=\"false\" \/><\/span> <\/label><\/p>\n<p><label> Votre Couriel<br \/>\n    <span class=\"wpcf7-form-control-wrap your-email\"><input type=\"email\" name=\"your-email\" value=\"\" size=\"40\" class=\"wpcf7-form-control wpcf7-text wpcf7-email wpcf7-validates-as-email\" aria-invalid=\"false\" \/><\/span> <\/label><\/p>\n<p><label> T\u00e9l\u00e9phone<br \/>\n    <span class=\"wpcf7-form-control-wrap tel-590\"><input type=\"tel\" name=\"tel-590\" value=\"\" size=\"40\" class=\"wpcf7-form-control wpcf7-text wpcf7-tel wpcf7-validates-as-tel\" aria-invalid=\"false\" \/><\/span> <\/label><\/p>\n<p><label> Sujet<br \/>\n    <span class=\"wpcf7-form-control-wrap your-subject\"><input type=\"text\" name=\"your-subject\" value=\"\" size=\"40\" class=\"wpcf7-form-control wpcf7-text\" aria-invalid=\"false\" \/><\/span> <\/label><\/p>\n<p><label> Votre Message<\/p>\n<p>    <span class=\"wpcf7-form-control-wrap your-message\"><textarea name=\"your-message\" cols=\"40\" rows=\"10\" class=\"wpcf7-form-control wpcf7-textarea\" aria-invalid=\"false\"><\/textarea><\/span> <\/label><\/p>\n<p><span class=\"wpcf7-form-control-wrap Consent\"><span class=\"wpcf7-form-control wpcf7-radio\"><span class=\"wpcf7-list-item first last\"><input type=\"radio\" name=\"Consent\" value=\"En remplissant ce formulaire et en fournissant mes coordonn\u00e9es, je consens \u00e0 ce que Brenave me contacte par t\u00e9l\u00e9phone ou courriel peu importe que je sois inscrit sur une liste de num\u00e9ros de t\u00e9l\u00e9phone exclus ou pas. (requis)\" checked=\"checked\" \/><span class=\"wpcf7-list-item-label\">En remplissant ce formulaire et en fournissant mes coordonn\u00e9es, je consens \u00e0 ce que Brenave me contacte par t\u00e9l\u00e9phone ou courriel peu importe que je sois inscrit sur une liste de num\u00e9ros de t\u00e9l\u00e9phone exclus ou pas. (requis)<\/span><\/span><\/span><\/span><\/p>\n<div class=\"wpcf7-form-control-wrap\"><div data-sitekey=\"6LfkgQwUAAAAAAg-288Y4eZFAt8No9tZnPmHEHWO\" class=\"wpcf7-form-control g-recaptcha wpcf7-recaptcha\"><\/div>\r\n<noscript>\r\n\t<div class=\"grecaptcha-noscript\">\r\n\t\t<iframe src=\"https:\/\/www.google.com\/recaptcha\/api\/fallback?k=6LfkgQwUAAAAAAg-288Y4eZFAt8No9tZnPmHEHWO\" frameborder=\"0\" scrolling=\"no\" width=\"310\" height=\"430\">\r\n\t\t<\/iframe>\r\n\t\t<textarea name=\"g-recaptcha-response\" rows=\"3\" cols=\"40\" placeholder=\"reCaptcha Response Here\">\r\n\t\t<\/textarea>\r\n\t<\/div>\r\n<\/noscript>\r\n<\/div>\n<p><input type=\"submit\" value=\"Envoi\" class=\"wpcf7-form-control wpcf7-submit\" \/><\/p>\n<div class=\"fusion-alert alert custom alert-custom fusion-alert-center wpcf7-response-output alert-dismissable\" style=\"border-width:1px;\"><button type=\"button\" class=\"close toggle-alert\" data-dismiss=\"alert\" aria-hidden=\"true\">&times;<\/button><div class=\"fusion-alert-content-wrapper\"><span class=\"fusion-alert-content\"><\/span><\/div><\/div><\/form><\/div><div class=\"fusion-clearfix\"><\/div><\/div><\/div><div  class=\"fusion-layout-column fusion_builder_column fusion_builder_column_1_1 fusion-builder-column-2 fusion-one-full fusion-column-first fusion-column-last fusion-column-no-min-height 1_1\"  style='margin-top:0px;margin-bottom:0px;'><div class=\"fusion-column-wrapper\" style=\"padding: 0px 0px 0px 0px;background-position:left top;background-repeat:no-repeat;-webkit-background-size:cover;-moz-background-size:cover;-o-background-size:cover;background-size:cover;\"   data-bg-url=\"\"><div class=\"fusion-sep-clear\"><\/div><div class=\"fusion-separator fusion-full-width-sep sep-none\" style=\"margin-left: auto;margin-right: auto;margin-top:15px;margin-bottom:15px;\"><\/div><div class=\"fusion-clearfix\"><\/div><\/div><\/div><\/div><\/div>\n","protected":false},"excerpt":{"rendered":"","protected":false},"author":2,"featured_media":0,"parent":0,"menu_order":0,"comment_status":"closed","ping_status":"closed","template":"","meta":[],"yoast_head":"<!-- This site is optimized with the Yoast SEO plugin v15.1.1 - https:\/\/yoast.com\/wordpress\/plugins\/seo\/ -->\n<title>Contactez BREANVE Inc | Informations de contact, demande par courriel, carte<\/title>\n<meta name=\"description\" content=\"BREANVE Inc | 100 Boul Hymus, Suite G, Pointe-Claire, Quebec H9R1E4 1-514-562-7226 | 24\/7\/365 en cas de situations urgentes\" \/>\n<meta name=\"robots\" content=\"index, follow, max-snippet:-1, max-image-preview:large, max-video-preview:-1\" \/>\n<link rel=\"canonical\" href=\"https:\/\/brenave2.mydev.ca\/fr\/contactez-nous\/\" \/>\n<meta property=\"og:locale\" content=\"fr_FR\" \/>\n<meta property=\"og:type\" content=\"article\" \/>\n<meta property=\"og:title\" content=\"Contactez BREANVE Inc | Informations de contact, demande par courriel, carte\" \/>\n<meta property=\"og:description\" content=\"BREANVE Inc | 100 Boul Hymus, Suite G, Pointe-Claire, Quebec H9R1E4 1-514-562-7226 | 24\/7\/365 en cas de situations urgentes\" \/>\n<meta property=\"og:url\" content=\"https:\/\/brenave2.mydev.ca\/fr\/contactez-nous\/\" \/>\n<meta property=\"og:site_name\" content=\"BRENAVE\" \/>\n<meta property=\"article:modified_time\" content=\"2021-03-11T17:49:59+00:00\" \/>\n<meta name=\"twitter:card\" content=\"summary_large_image\" \/>\n<script type=\"application\/ld+json\" class=\"yoast-schema-graph\">{\"@context\":\"https:\/\/schema.org\",\"@graph\":[{\"@type\":\"WebSite\",\"@id\":\"https:\/\/brenave2.mydev.ca\/fr\/#website\",\"url\":\"https:\/\/brenave2.mydev.ca\/fr\/\",\"name\":\"BRENAVE\",\"description\":\"SOLUTIONS\",\"potentialAction\":[{\"@type\":\"SearchAction\",\"target\":\"https:\/\/brenave2.mydev.ca\/fr\/?s={search_term_string}\",\"query-input\":\"required name=search_term_string\"}],\"inLanguage\":\"fr-CA\"},{\"@type\":\"WebPage\",\"@id\":\"https:\/\/brenave2.mydev.ca\/fr\/contactez-nous\/#webpage\",\"url\":\"https:\/\/brenave2.mydev.ca\/fr\/contactez-nous\/\",\"name\":\"Contactez BREANVE Inc | Informations de contact, demande par courriel, carte\",\"isPartOf\":{\"@id\":\"https:\/\/brenave2.mydev.ca\/fr\/#website\"},\"datePublished\":\"2017-01-17T15:25:59+00:00\",\"dateModified\":\"2021-03-11T17:49:59+00:00\",\"description\":\"BREANVE Inc | 100 Boul Hymus, Suite G, Pointe-Claire, Quebec H9R1E4 1-514-562-7226 | 24\/7\/365 en cas de situations urgentes\",\"inLanguage\":\"fr-CA\",\"potentialAction\":[{\"@type\":\"ReadAction\",\"target\":[\"https:\/\/brenave2.mydev.ca\/fr\/contactez-nous\/\"]}]}]}<\/script>\n<!-- \/ Yoast SEO plugin. -->","_links":{"self":[{"href":"https:\/\/brenave2.mydev.ca\/fr\/wp-json\/wp\/v2\/pages\/154"}],"collection":[{"href":"https:\/\/brenave2.mydev.ca\/fr\/wp-json\/wp\/v2\/pages"}],"about":[{"href":"https:\/\/brenave2.mydev.ca\/fr\/wp-json\/wp\/v2\/types\/page"}],"author":[{"embeddable":true,"href":"https:\/\/brenave2.mydev.ca\/fr\/wp-json\/wp\/v2\/users\/2"}],"replies":[{"embeddable":true,"href":"https:\/\/brenave2.mydev.ca\/fr\/wp-json\/wp\/v2\/comments?post=154"}],"version-history":[{"count":4,"href":"https:\/\/brenave2.mydev.ca\/fr\/wp-json\/wp\/v2\/pages\/154\/revisions"}],"predecessor-version":[{"id":674,"href":"https:\/\/brenave2.mydev.ca\/fr\/wp-json\/wp\/v2\/pages\/154\/revisions\/674"}],"wp:attachment":[{"href":"https:\/\/brenave2.mydev.ca\/fr\/wp-json\/wp\/v2\/media?parent=154"}],"curies":[{"name":"wp","href":"https:\/\/api.w.org\/{rel}","templated":true}]}}